{"id":32014,"date":"2021-01-22T13:20:42","date_gmt":"2021-01-22T12:20:42","guid":{"rendered":"https:\/\/www.aviverniciitalia.com\/?page_id=32014"},"modified":"2023-01-24T15:39:41","modified_gmt":"2023-01-24T14:39:41","slug":"vernice-a-base-solvente","status":"publish","type":"page","link":"https:\/\/www.aviverniciitalia.com\/it\/vernice-a-base-solvente\/","title":{"rendered":"Vernici a Base Solvente"},"content":{"rendered":"<p>[vc_row][vc_column]<div class=\"clearboth\"><\/div><div class=\"gem-divider \" style=\"margin-top: 50px;\"><\/div>[vc_column_text]<\/p>\n<div class=\"styled-subtitle\" style=\"text-align: center;\"><span style=\"color: #000000;\">Per interni o esterni, tra le migliori troviamo le <strong>vernici a base solvente<\/strong> per legno<br \/>\n<\/span><\/div>\n<p style=\"text-align: center; margin-top: 25px;\">Le <strong>vernici poliuretaniche <\/strong>per legno, vernici poliesteri e ad essicazione ultravioletta.<br \/>\nE poi quelle acriliche e quelle con monocomponenti. Le <strong>vernici a base solvente<\/strong> sono il prodotto ideale per valorizzare l\u2019impatto estetico del legno,<br \/>\n<strong>difenderlo<\/strong> e <strong>proteggerlo<\/strong> contro tutte le aggressioni ed il trascorrere del tempo.<\/p>\n<p>[\/vc_column_text]<div class=\"clearboth\"><\/div><div class=\"gem-divider \" style=\"margin-top: 50px;\"><\/div>[\/vc_column][\/vc_row][vc_row][vc_column width=&#8221;2\/3&#8243;][vc_row_inner][vc_column_inner width=&#8221;1\/2&#8243;]<a\n  href=\"javascript:;\"\n  class=\"marvelous-link noHover\"\n  >\n  <figure class=\"marvelous-hover effect-hover effect-lily ratio169 effect-fonts  marvelous_custom_class_96037bae19d452  \">\n        <img src=\"https:\/\/www.aviverniciitalia.com\/wp-content\/uploads\/2021\/02\/vernici-per-esterno.jpg\" alt=\"\"\/>\n    \n    <figcaption>\n      <div class=\"effect-caption astra\">\n        <div class=\"effect-heading\">\n          <div class=\"title-h2\">Vernici <span>per esterni<\/span><\/div>\n        <\/div>\n\n        <div class=\"effect-description\">\n                    <p class=\"description\">&nbsp;<\/p>\n                  <\/div>\n\n      <\/div>\n    <\/figcaption>\n  <\/figure>\n<\/a>\n<style type=\"text\/css\" data-type=\"vckit-shortcode-css\" data-shortcode=\"marvelous_hover\">.effect-hover.marvelous_custom_class_96037bae19d452 h2, .effect-hover.marvelous_custom_class_96037bae19d452 p { color: #ffffff; }.effect-hover.marvelous_custom_class_96037bae19d452:hover img { opacity: 0.6; }.effect-hover.marvelous_custom_class_96037bae19d452 { background: #000000; }.effect-hover.marvelous_custom_class_96037bae19d452:hover { background: #000000; }<\/style>[vc_column_text]Scopri la nostra gamma prodotti per esterni :<\/p>\n<ul class=\"sub-menu styled\">\n<li><a href=\"https:\/\/www.aviverniciitalia.com\/vernici\/vernici-poliuretaniche-2k-2\/\">VERNICI POLIURETANICHE<\/a><\/li>\n<\/ul>\n<p>[\/vc_column_text][\/vc_column_inner][vc_column_inner width=&#8221;1\/2&#8243;]<a\n  href=\"javascript:;\"\n  class=\"marvelous-link noHover\"\n  >\n  <figure class=\"marvelous-hover effect-hover effect-lily ratio169 effect-fonts  marvelous_custom_class_96039227e8ba0c  \">\n        <img src=\"https:\/\/www.aviverniciitalia.com\/wp-content\/uploads\/2021\/02\/mobililegno.jpg\" alt=\"\"\/>\n    \n    <figcaption>\n      <div class=\"effect-caption astra\">\n        <div class=\"effect-heading\">\n          <div class=\"title-h2\">Vernici <span>per interni<\/span><\/div>\n        <\/div>\n\n        <div class=\"effect-description\">\n                    <p class=\"description\">&nbsp;<\/p>\n                  <\/div>\n\n      <\/div>\n    <\/figcaption>\n  <\/figure>\n<\/a>\n<style type=\"text\/css\" data-type=\"vckit-shortcode-css\" data-shortcode=\"marvelous_hover\">.effect-hover.marvelous_custom_class_96039227e8ba0c h2, .effect-hover.marvelous_custom_class_96039227e8ba0c p { color: #ffffff; }.effect-hover.marvelous_custom_class_96039227e8ba0c:hover img { opacity: 0.6; }.effect-hover.marvelous_custom_class_96039227e8ba0c { background: #000000; }.effect-hover.marvelous_custom_class_96039227e8ba0c:hover { background: #000000; }<\/style>[vc_column_text]Scopri la nostra gamma prodotti per interni (mobili, arredamenti ed accessori):<\/p>\n<ul class=\"sub-menu styled\">\n<li><a href=\"https:\/\/www.aviverniciitalia.com\/vernici\/vernici-poliuretaniche-2k\/\">Vernici Poliuretaniche 2K<\/a><\/li>\n<li><a href=\"https:\/\/www.aviverniciitalia.com\/vernici\/vernici-acriliche-non-ingiallenti-2k\/\">Acriliche 2K<\/a><\/li>\n<li><a href=\"https:\/\/www.aviverniciitalia.com\/vernici\/vernici-poliesteri-3k\/\">Vernici Poliesteri 3K<\/a><\/li>\n<li><a href=\"https:\/\/www.aviverniciitalia.com\/vernici\/vernici-ad-essiccazione-uv-a-base-solvente-e-100-solide\/\">LE VERNICI AD ESSICCAZIONE UV<\/a><\/li>\n<li><a href=\"https:\/\/www.aviverniciitalia.com\/vernici\/vernici-1k\/\">VERNICI 1K<\/a><\/li>\n<li><a href=\"https:\/\/www.aviverniciitalia.com\/vernici\/vernici-urea-melamminiche\/\">LE VERNICI UREA\/MELAMMINICHE<\/a><\/li>\n<\/ul>\n<p>[\/vc_column_text][\/vc_column_inner][\/vc_row_inner][\/vc_column][vc_column width=&#8221;1\/3&#8243;]<a\n  href=\"javascript:;\"\n  class=\"marvelous-link noHover\"\n  >\n  <figure class=\"marvelous-hover effect-hover effect-lily ratio169 effect-fonts  marvelous_custom_class_1060392222dec8c  \">\n        <img src=\"https:\/\/www.aviverniciitalia.com\/wp-content\/uploads\/2021\/02\/pavimenti-legno.jpg\" alt=\"\"\/>\n    \n    <figcaption>\n      <div class=\"effect-caption astra\">\n        <div class=\"effect-heading\">\n          <div class=\"title-h2\">Vernici <span>per pavimenti<\/span><\/div>\n        <\/div>\n\n        <div class=\"effect-description\">\n                    <p class=\"description\">&nbsp;<\/p>\n                  <\/div>\n\n      <\/div>\n    <\/figcaption>\n  <\/figure>\n<\/a>\n<style type=\"text\/css\" data-type=\"vckit-shortcode-css\" data-shortcode=\"marvelous_hover\">.effect-hover.marvelous_custom_class_1060392222dec8c h2, .effect-hover.marvelous_custom_class_1060392222dec8c p { color: #ffffff; }.effect-hover.marvelous_custom_class_1060392222dec8c:hover img { opacity: 0.6; }.effect-hover.marvelous_custom_class_1060392222dec8c { background: #000000; }.effect-hover.marvelous_custom_class_1060392222dec8c:hover { background: #000000; }<\/style>[vc_column_text]Scopri la nostra gamma prodotti per pavimenti in legno :<\/p>\n<ul class=\"sub-menu styled\">\n<li id=\"menu-item-31895\" class=\"menu-item menu-item-type-post_type menu-item-object-thegem_pf_item menu-item-31895\"><a href=\"https:\/\/www.aviverniciitalia.com\/vernici\/vernici-poliuretaniche-2k-3\/\">VERNICI POLIURETANICHE<\/a><\/li>\n<li><a href=\"https:\/\/www.aviverniciitalia.com\/vernici\/monocomponenti-2\/\">MONOCOMPONENTI<\/a><\/li>\n<\/ul>\n<p>[\/vc_column_text][\/vc_column][\/vc_row][vc_row full_width=&#8221;stretch_row_content&#8221; css=&#8221;.vc_custom_1669306320753{background-color: #0a0a0a !important;}&#8221;][vc_column]<div class=\"clearboth\"><\/div><div class=\"gem-divider \" style=\"margin-top: 20px;\"><\/div>[vc_column_text]<\/p>\n<h3 style=\"text-align: center; font-size: 12px; text-transform: uppercase;\"><span style=\"color: #ffffff;\"><strong>vernice a base solvente<\/strong><\/span><\/h3>\n<p style=\"text-align: center;\"><span style=\"color: #ffffff;\">Cos\u00ec facendo il risultato finale \u00e8 una <strong>colorazione<\/strong> molto omogenea ed uniformante.<\/span><br \/>\n<span style=\"color: #ffffff;\">Questo \u00e8 possibile anche su legni particolarmente difficili, senza tonalit\u00e0 difformi, chiaroscuri sull\u2019alburno e<\/span><br \/>\n<span style=\"color: #ffffff;\">durame del legno, con ridotti assorbimenti di colore \u201cdi testa\u201d, e senza che la fibra del legno sia sollevata.<\/span><\/p>\n<p style=\"text-align: center;\"><span style=\"color: #ffffff;\">In questo modo si conferisce <strong>uniformit\u00e0 al colore<\/strong> anche sulle essenze pi\u00f9 difficili, ed il risultato a lavoro ultimato \u00e8 una tonalit\u00e0 di buona brillantezza, profondit\u00e0<\/span><br \/>\n<span style=\"color: #ffffff;\">e luminosit\u00e0.<\/span><\/p>\n<p>[\/vc_column_text]<div class=\"clearboth\"><\/div><div class=\"gem-divider \" style=\"margin-top: 50px;\"><\/div>[\/vc_column][\/vc_row][vc_row equal_height=&#8221;yes&#8221; content_placement=&#8221;middle&#8221; css=&#8221;.vc_custom_1611242842655{padding-top: 60px !important;padding-bottom: 60px !important;}&#8221;][vc_column width=&#8221;1\/2&#8243;][vc_single_image image=&#8221;34626&#8243; img_size=&#8221;full&#8221; alignment=&#8221;center&#8221;][\/vc_column][vc_column width=&#8221;1\/2&#8243;][vc_column_text]Siamo presenti con rubriche e approfondimenti. Ci trovi su <span style=\"color: #0086df; text-decoration: none !important;\"><strong><a style=\"color: #0086df;\" href=\"https:\/\/www.linkedin.com\/company\/astra-vernici-s.r.l.\/\">Linkedin<\/a><\/strong><\/span>, con articoli e news di tutta la Wood Industry. Ma anche su <span style=\"color: #0086df;\"><strong><a style=\"color: #0086df;\" href=\"https:\/\/www.youtube.com\/channel\/UCVHkZIVa5OPaqpajpRBdOFQ\">Youtube<\/a><\/strong><\/span>, con i nostri coloratissimi tutorial.<\/p>\n<p>Non dimenticare poi i nostri profili social, <span style=\"color: #0086df;\"><strong><a style=\"color: #0086df;\" href=\"https:\/\/www.instagram.com\/astravernici_official\/\">Instragram<\/a> <\/strong><\/span>e <span style=\"color: #0086df;\"><strong><a style=\"color: #0086df;\" href=\"https:\/\/www.facebook.com\/astravernici\/\">Facebook<\/a> <\/strong><\/span>per restare sempre aggiornato sulle migliori vernici per legno.[\/vc_column_text][vc_column_text]<\/p>\n<h2 style=\"font-size: 8px; text-transform: uppercase; text-align: left;\"><span style=\"color: #000000;\"><strong>vernice a base solvente<\/strong><\/span><\/h2>\n<p>[\/vc_column_text][\/vc_column][\/vc_row][vc_row][vc_column][vc_empty_space][\/vc_column][\/vc_row]<\/p>\n","protected":false},"excerpt":{"rendered":"<p>[vc_row][vc_column][vc_column_text] Per interni o esterni, tra le migliori troviamo le vernici a base solvente per legno Le vernici poliuretaniche per&#8230;<\/p>\n","protected":false},"author":1,"featured_media":34909,"parent":0,"menu_order":0,"comment_status":"closed","ping_status":"closed","template":"","meta":{"_mi_skip_tracking":false,"_monsterinsights_sitenote_active":false,"_monsterinsights_sitenote_note":"","_monsterinsights_sitenote_category":0},"yoast_head":"<!-- This site is optimized with the Yoast SEO Premium plugin v16.0.3 (Yoast SEO v17.6) - https:\/\/yoast.com\/wordpress\/plugins\/seo\/ -->\n<title>Vernice a Base Solvente per Interni, Esterni e Pavimenti in Legno in Italia<\/title>\n<meta name=\"description\" content=\"Facciamo chiarezza sulle vernici a base solvente per legno. Vernici per legno esterno, vernici ignifughe, le migliori vernici per aziende...\" \/>\n<meta name=\"robots\" content=\"index, follow, max-snippet:-1, max-image-preview:large, max-video-preview:-1\" \/>\n<link rel=\"canonical\" href=\"https:\/\/www.aviverniciitalia.com\/it\/vernice-a-base-solvente\/\" \/>\n<meta property=\"og:locale\" content=\"it_IT\" \/>\n<meta property=\"og:type\" content=\"article\" \/>\n<meta property=\"og:title\" content=\"Vernice a Base Solvente per Interni, Esterni e Pavimenti in Legno in Italia\" \/>\n<meta property=\"og:description\" content=\"Facciamo chiarezza sulle vernici a base solvente per legno. Vernici per legno esterno, vernici ignifughe, le migliori vernici per aziende...\" \/>\n<meta property=\"og:url\" content=\"https:\/\/www.aviverniciitalia.com\/it\/vernice-a-base-solvente\/\" \/>\n<meta property=\"og:site_name\" content=\"AviVernici\" \/>\n<meta property=\"article:modified_time\" content=\"2023-01-24T14:39:41+00:00\" \/>\n<meta property=\"og:image\" content=\"https:\/\/www.aviverniciitalia.com\/wp-content\/uploads\/2023\/01\/astra-solventi-sfondo-1.jpg\" \/>\n\t<meta property=\"og:image:width\" content=\"1920\" \/>\n\t<meta property=\"og:image:height\" content=\"958\" \/>\n<meta name=\"twitter:card\" content=\"summary_large_image\" \/>\n<meta name=\"twitter:label1\" content=\"Tempo di lettura stimato\" \/>\n\t<meta name=\"twitter:data1\" content=\"2 minuti\" \/>\n<script type=\"application\/ld+json\" class=\"yoast-schema-graph\">{\"@context\":\"https:\/\/schema.org\",\"@graph\":[{\"@type\":\"Organization\",\"@id\":\"https:\/\/www.aviverniciitalia.com\/it\/#organization\",\"name\":\"Astra Vernici\",\"url\":\"https:\/\/www.aviverniciitalia.com\/it\/\",\"sameAs\":[],\"logo\":{\"@type\":\"ImageObject\",\"@id\":\"https:\/\/www.aviverniciitalia.com\/it\/#logo\",\"inLanguage\":\"it-IT\",\"url\":\"https:\/\/www.aviverniciitalia.com\/wp-content\/uploads\/2019\/09\/astra-logo-2020-blu.png\",\"contentUrl\":\"https:\/\/www.aviverniciitalia.com\/wp-content\/uploads\/2019\/09\/astra-logo-2020-blu.png\",\"width\":300,\"height\":56,\"caption\":\"Astra Vernici\"},\"image\":{\"@id\":\"https:\/\/www.aviverniciitalia.com\/it\/#logo\"}},{\"@type\":\"WebSite\",\"@id\":\"https:\/\/www.aviverniciitalia.com\/it\/#website\",\"url\":\"https:\/\/www.aviverniciitalia.com\/it\/\",\"name\":\"AviVernici\",\"description\":\"Italian Performance Coatings\",\"publisher\":{\"@id\":\"https:\/\/www.aviverniciitalia.com\/it\/#organization\"},\"potentialAction\":[{\"@type\":\"SearchAction\",\"target\":{\"@type\":\"EntryPoint\",\"urlTemplate\":\"https:\/\/www.aviverniciitalia.com\/it\/?s={search_term_string}\"},\"query-input\":\"required name=search_term_string\"}],\"inLanguage\":\"it-IT\"},{\"@type\":\"ImageObject\",\"@id\":\"https:\/\/www.aviverniciitalia.com\/it\/vernice-a-base-solvente\/#primaryimage\",\"inLanguage\":\"it-IT\",\"url\":\"https:\/\/www.aviverniciitalia.com\/wp-content\/uploads\/2023\/01\/astra-solventi-sfondo-1.jpg\",\"contentUrl\":\"https:\/\/www.aviverniciitalia.com\/wp-content\/uploads\/2023\/01\/astra-solventi-sfondo-1.jpg\",\"width\":1920,\"height\":958,\"caption\":\"vernici poliuretaniche per legno\"},{\"@type\":\"WebPage\",\"@id\":\"https:\/\/www.aviverniciitalia.com\/it\/vernice-a-base-solvente\/#webpage\",\"url\":\"https:\/\/www.aviverniciitalia.com\/it\/vernice-a-base-solvente\/\",\"name\":\"Vernice a Base Solvente per Interni, Esterni e Pavimenti in Legno in Italia\",\"isPartOf\":{\"@id\":\"https:\/\/www.aviverniciitalia.com\/it\/#website\"},\"primaryImageOfPage\":{\"@id\":\"https:\/\/www.aviverniciitalia.com\/it\/vernice-a-base-solvente\/#primaryimage\"},\"datePublished\":\"2021-01-22T12:20:42+00:00\",\"dateModified\":\"2023-01-24T14:39:41+00:00\",\"description\":\"Facciamo chiarezza sulle vernici a base solvente per legno. Vernici per legno esterno, vernici ignifughe, le migliori vernici per aziende...\",\"breadcrumb\":{\"@id\":\"https:\/\/www.aviverniciitalia.com\/it\/vernice-a-base-solvente\/#breadcrumb\"},\"inLanguage\":\"it-IT\",\"potentialAction\":[{\"@type\":\"ReadAction\",\"target\":[\"https:\/\/www.aviverniciitalia.com\/it\/vernice-a-base-solvente\/\"]}]},{\"@type\":\"BreadcrumbList\",\"@id\":\"https:\/\/www.aviverniciitalia.com\/it\/vernice-a-base-solvente\/#breadcrumb\",\"itemListElement\":[{\"@type\":\"ListItem\",\"position\":1,\"name\":\"Home\",\"item\":\"https:\/\/www.aviverniciitalia.com\/it\/\"},{\"@type\":\"ListItem\",\"position\":2,\"name\":\"Vernici a Base Solvente\"}]}]}<\/script>\n<!-- \/ Yoast SEO Premium plugin. -->","yoast_head_json":{"title":"Vernice a Base Solvente per Interni, Esterni e Pavimenti in Legno in Italia","description":"Facciamo chiarezza sulle vernici a base solvente per legno. Vernici per legno esterno, vernici ignifughe, le migliori vernici per aziende...","robots":{"index":"index","follow":"follow","max-snippet":"max-snippet:-1","max-image-preview":"max-image-preview:large","max-video-preview":"max-video-preview:-1"},"canonical":"https:\/\/www.aviverniciitalia.com\/it\/vernice-a-base-solvente\/","og_locale":"it_IT","og_type":"article","og_title":"Vernice a Base Solvente per Interni, Esterni e Pavimenti in Legno in Italia","og_description":"Facciamo chiarezza sulle vernici a base solvente per legno. Vernici per legno esterno, vernici ignifughe, le migliori vernici per aziende...","og_url":"https:\/\/www.aviverniciitalia.com\/it\/vernice-a-base-solvente\/","og_site_name":"AviVernici","article_modified_time":"2023-01-24T14:39:41+00:00","og_image":[{"width":1920,"height":958,"url":"https:\/\/www.aviverniciitalia.com\/wp-content\/uploads\/2023\/01\/astra-solventi-sfondo-1.jpg","type":"image\/jpeg"}],"twitter_card":"summary_large_image","twitter_misc":{"Tempo di lettura stimato":"2 minuti"},"schema":{"@context":"https:\/\/schema.org","@graph":[{"@type":"Organization","@id":"https:\/\/www.aviverniciitalia.com\/it\/#organization","name":"Astra Vernici","url":"https:\/\/www.aviverniciitalia.com\/it\/","sameAs":[],"logo":{"@type":"ImageObject","@id":"https:\/\/www.aviverniciitalia.com\/it\/#logo","inLanguage":"it-IT","url":"https:\/\/www.aviverniciitalia.com\/wp-content\/uploads\/2019\/09\/astra-logo-2020-blu.png","contentUrl":"https:\/\/www.aviverniciitalia.com\/wp-content\/uploads\/2019\/09\/astra-logo-2020-blu.png","width":300,"height":56,"caption":"Astra Vernici"},"image":{"@id":"https:\/\/www.aviverniciitalia.com\/it\/#logo"}},{"@type":"WebSite","@id":"https:\/\/www.aviverniciitalia.com\/it\/#website","url":"https:\/\/www.aviverniciitalia.com\/it\/","name":"AviVernici","description":"Italian Performance Coatings","publisher":{"@id":"https:\/\/www.aviverniciitalia.com\/it\/#organization"},"potentialAction":[{"@type":"SearchAction","target":{"@type":"EntryPoint","urlTemplate":"https:\/\/www.aviverniciitalia.com\/it\/?s={search_term_string}"},"query-input":"required name=search_term_string"}],"inLanguage":"it-IT"},{"@type":"ImageObject","@id":"https:\/\/www.aviverniciitalia.com\/it\/vernice-a-base-solvente\/#primaryimage","inLanguage":"it-IT","url":"https:\/\/www.aviverniciitalia.com\/wp-content\/uploads\/2023\/01\/astra-solventi-sfondo-1.jpg","contentUrl":"https:\/\/www.aviverniciitalia.com\/wp-content\/uploads\/2023\/01\/astra-solventi-sfondo-1.jpg","width":1920,"height":958,"caption":"vernici poliuretaniche per legno"},{"@type":"WebPage","@id":"https:\/\/www.aviverniciitalia.com\/it\/vernice-a-base-solvente\/#webpage","url":"https:\/\/www.aviverniciitalia.com\/it\/vernice-a-base-solvente\/","name":"Vernice a Base Solvente per Interni, Esterni e Pavimenti in Legno in Italia","isPartOf":{"@id":"https:\/\/www.aviverniciitalia.com\/it\/#website"},"primaryImageOfPage":{"@id":"https:\/\/www.aviverniciitalia.com\/it\/vernice-a-base-solvente\/#primaryimage"},"datePublished":"2021-01-22T12:20:42+00:00","dateModified":"2023-01-24T14:39:41+00:00","description":"Facciamo chiarezza sulle vernici a base solvente per legno. Vernici per legno esterno, vernici ignifughe, le migliori vernici per aziende...","breadcrumb":{"@id":"https:\/\/www.aviverniciitalia.com\/it\/vernice-a-base-solvente\/#breadcrumb"},"inLanguage":"it-IT","potentialAction":[{"@type":"ReadAction","target":["https:\/\/www.aviverniciitalia.com\/it\/vernice-a-base-solvente\/"]}]},{"@type":"BreadcrumbList","@id":"https:\/\/www.aviverniciitalia.com\/it\/vernice-a-base-solvente\/#breadcrumb","itemListElement":[{"@type":"ListItem","position":1,"name":"Home","item":"https:\/\/www.aviverniciitalia.com\/it\/"},{"@type":"ListItem","position":2,"name":"Vernici a Base Solvente"}]}]}},"_links":{"self":[{"href":"https:\/\/www.aviverniciitalia.com\/it\/wp-json\/wp\/v2\/pages\/32014"}],"collection":[{"href":"https:\/\/www.aviverniciitalia.com\/it\/wp-json\/wp\/v2\/pages"}],"about":[{"href":"https:\/\/www.aviverniciitalia.com\/it\/wp-json\/wp\/v2\/types\/page"}],"author":[{"embeddable":true,"href":"https:\/\/www.aviverniciitalia.com\/it\/wp-json\/wp\/v2\/users\/1"}],"replies":[{"embeddable":true,"href":"https:\/\/www.aviverniciitalia.com\/it\/wp-json\/wp\/v2\/comments?post=32014"}],"version-history":[{"count":26,"href":"https:\/\/www.aviverniciitalia.com\/it\/wp-json\/wp\/v2\/pages\/32014\/revisions"}],"predecessor-version":[{"id":34936,"href":"https:\/\/www.aviverniciitalia.com\/it\/wp-json\/wp\/v2\/pages\/32014\/revisions\/34936"}],"wp:featuredmedia":[{"embeddable":true,"href":"https:\/\/www.aviverniciitalia.com\/it\/wp-json\/wp\/v2\/media\/34909"}],"wp:attachment":[{"href":"https:\/\/www.aviverniciitalia.com\/it\/wp-json\/wp\/v2\/media?parent=32014"}],"curies":[{"name":"wp","href":"https:\/\/api.w.org\/{rel}","templated":true}]}}