{"id":31957,"date":"2021-01-20T17:14:50","date_gmt":"2021-01-20T16:14:50","guid":{"rendered":"https:\/\/www.aviverniciitalia.com\/?page_id=31957"},"modified":"2023-12-19T09:30:58","modified_gmt":"2023-12-19T08:30:58","slug":"profilo","status":"publish","type":"page","link":"https:\/\/www.aviverniciitalia.com\/it\/profilo\/","title":{"rendered":"Profilo"},"content":{"rendered":"<p>[vc_row css=&#8221;.vc_custom_1611242380553{padding-top: 60px !important;}&#8221;][vc_column css=&#8221;.vc_custom_1611242083099{margin-top: -13px !important;}&#8221; offset=&#8221;vc_col-lg-12 vc_col-md-12&#8243;][vc_row_inner][vc_column_inner width=&#8221;1\/6&#8243; css=&#8221;.vc_custom_1456648042128{padding-right: 0px !important;}&#8221; offset=&#8221;vc_hidden-md vc_hidden-sm vc_hidden-xs&#8221;]<div class=\"clearboth\"><\/div><div class=\"gem-divider \" style=\"margin-top: 23px;\"><\/div>[vc_separator color=&#8221;custom&#8221; style=&#8221;double&#8221; border_width=&#8221;2&#8243; accent_color=&#8221;#dfe5e8&#8243;][\/vc_column_inner][vc_column_inner width=&#8221;2\/3&#8243;][vc_column_text]<\/p>\n<h1 style=\"font-size: 10px; text-transform: uppercase; text-align: center;\"><strong>Vernici per legno esterno<\/strong><\/h1>\n<p>[\/vc_column_text][vc_column_text]<\/p>\n<div class=\"title-h2\" style=\"text-align: center;\"><span class=\"light\">SIAMO <em><strong>naturalmente<\/strong> <\/em>CREATIVI<\/span><\/div>\n<p>[\/vc_column_text][\/vc_column_inner][vc_column_inner width=&#8221;1\/6&#8243; css=&#8221;.vc_custom_1456648092629{padding-left: 0px !important;}&#8221; offset=&#8221;vc_hidden-md vc_hidden-sm vc_hidden-xs&#8221;]<div class=\"clearboth\"><\/div><div class=\"gem-divider \" style=\"margin-top: 23px;\"><\/div>[vc_separator color=&#8221;custom&#8221; style=&#8221;double&#8221; border_width=&#8221;2&#8243; accent_color=&#8221;#dfe5e8&#8243;][\/vc_column_inner][\/vc_row_inner][vc_row_inner css=&#8221;.vc_custom_1461313035205{margin-top: 39px !important;}&#8221;][vc_column_inner width=&#8221;1\/2&#8243;][vc_column_text]Dal 1951 <strong>Astra Vernici<\/strong> si occupa di prodotti vernicianti per il <strong>legno<\/strong> e <strong>prodotti complementari<\/strong>. Tra questi: vernici per legno esterno, vernici a base solvente, vernici UV, vernici a base d&#8217;acqua.<\/p>\n<p>Una gamma di soluzioni che nascono da un avanzato impegno di ricerca e da scelte qualificanti. Dalla selezione scrupolosa delle materie prime alla volont\u00e0 di raggiungere i <strong>migliori risultati<\/strong> nel <strong>massimo rispetto dell\u2019ambiente<\/strong>.[\/vc_column_text][\/vc_column_inner][vc_column_inner width=&#8221;1\/2&#8243;][vc_column_text]Nel corso degli ultimi <strong>Astra Vernici<\/strong> si \u00e8 resa protagonista di un significativo sviluppo. Grazie anche alla costruzione di un impianto ultra moderno.<\/p>\n<p>Questo unito alla validit\u00e0 delle scelte imprenditoriali ci ha permesso di rispondere alle richieste del mercato. Articolate, diversificate e pressanti, ma oltremodo stimolanti.<\/p>\n<p>Le vernici per legno esterno, <a class=\"linkato\" href=\"https:\/\/www.aviverniciitalia.com\/it\/vernici-a-base-solvente\/\">le vernici a base solvente<\/a>, <a class=\"linkato\" href=\"https:\/\/www.aviverniciitalia.com\/it\/vernici\/vernici-uv-idrodiluibili\/\">le vernici UV<\/a>, e tutti gli altri prodotti Astra sono presenti su tutti i mercati mondiali.[\/vc_column_text][\/vc_column_inner][\/vc_row_inner]<div class=\"clearboth\"><\/div><div class=\"gem-divider \" style=\"margin-top: 27px;\"><\/div><div   class=\"gem-quote gem-quote-style-default gem-quote-no-paddings\"><blockquote  ><em>Vedo nei colori quasi lo sforzo della materia di farsi luce.<\/em><br \/>\n(Platone)<\/blockquote><\/div><div class=\"clearboth\"><\/div><div class=\"gem-divider \" style=\"margin-top: 60px;\"><\/div>[vc_row_inner][vc_column_inner width=&#8221;1\/4&#8243; css=&#8221;.vc_custom_1456648053522{padding-right: 0px !important;}&#8221; offset=&#8221;vc_hidden-md vc_hidden-sm vc_hidden-xs&#8221;]<div class=\"clearboth\"><\/div><div class=\"gem-divider \" style=\"margin-top: 23px;\"><\/div>[vc_separator color=&#8221;custom&#8221; style=&#8221;double&#8221; border_width=&#8221;2&#8243; accent_color=&#8221;#dfe5e8&#8243;][\/vc_column_inner][vc_column_inner width=&#8221;1\/2&#8243;][vc_column_text]<\/p>\n<div class=\"title-h2\" style=\"text-align: center;\"><span style=\"font-weight: 400;\">la nostra <\/span>MISSIONE<\/div>\n<p>[\/vc_column_text][\/vc_column_inner][vc_column_inner width=&#8221;1\/4&#8243; css=&#8221;.vc_custom_1456648074743{padding-left: 0px !important;}&#8221; offset=&#8221;vc_hidden-md vc_hidden-sm vc_hidden-xs&#8221;]<div class=\"clearboth\"><\/div><div class=\"gem-divider \" style=\"margin-top: 23px;\"><\/div>[vc_separator color=&#8221;custom&#8221; style=&#8221;double&#8221; border_width=&#8221;2&#8243; accent_color=&#8221;#dfe5e8&#8243;][\/vc_column_inner][\/vc_row_inner][\/vc_column][\/vc_row][vc_row css=&#8221;.vc_custom_1611237240287{padding-top: 60px !important;}&#8221;][vc_column][vc_row_inner equal_height=&#8221;yes&#8221; content_placement=&#8221;middle&#8221; gap=&#8221;20&#8243;][vc_column_inner width=&#8221;1\/3&#8243;][vc_column_text]<\/p>\n<div class=\"title-h4\" style=\"text-align: center;\"><span class=\"letter-spacing\" style=\"color: #2a6ea8; text-transform: uppercase; font-size: 100px;\">70<\/span><\/div>\n<p>[\/vc_column_text][vc_column_text]Presidiamo da <strong>oltre 70 anni<\/strong> il mercato offrendo una vasta gamma di soluzioni per legno destinate ai professionisti.[\/vc_column_text][\/vc_column_inner][vc_column_inner width=&#8221;1\/3&#8243;][vc_single_image image=&#8221;31977&#8243; img_size=&#8221;full&#8221; alignment=&#8221;center&#8221;][\/vc_column_inner][vc_column_inner width=&#8221;1\/3&#8243;][vc_column_text]<\/p>\n<h3 style=\"font-size: 10px; text-transform: uppercase; text-align: center;\"><strong>Vernici per legno esterno<\/strong><\/h3>\n<p>[\/vc_column_text][vc_column_text]<\/p>\n<div class=\"title-h4\"><span class=\"letter-spacing\" style=\"color: #2a6ea8; text-transform: uppercase;\">MISSIONE &amp; VALORI<\/span><\/div>\n<p>[\/vc_column_text][vc_column_text]<strong>Astra Vernici<\/strong> vanta di un\u2019efficiente e <strong>ultra moderna<\/strong> unit\u00e0 produttiva e risorse tecnico-professionali. Ci\u00f2 permette di unire un&#8217;ampia gamma alla <strong>migliore flessibilit\u00e0<\/strong> di risposta alle richieste della clientela.<br \/>\nIl \u201csegreto\u201d di <strong>Astra Vernici<\/strong> sta nell&#8217;essere un\u2019azienda di medie dimensioni, senza inutili zavorre, ma con tutte le sicurezze di una realt\u00e0 solida ed evoluta.<\/p>\n<p>Un <strong>partner diretto<\/strong> e <strong>responsabile<\/strong>, orientato alla qualit\u00e0, alla competitivit\u00e0, quindi alla personalizzazione.<br \/>\nFattore strategico di questa disponibilit\u00e0 nel rispondere alle richieste della clientela \u00e8 il magazzino. Organizzato con tecnologie automatiche per ottimizzare ogni fase di gestione degli ordini.[\/vc_column_text][\/vc_column_inner][\/vc_row_inner][vc_empty_space][\/vc_column][\/vc_row][vc_row css=&#8221;.vc_custom_1611237240287{padding-top: 60px !important;}&#8221;][vc_column width=&#8221;1\/2&#8243;][vc_custom_heading text=&#8221;Un costante impegno di ricerca&#8221; font_container=&#8221;tag:h4|text_align:left&#8221; use_theme_fonts=&#8221;yes&#8221; css=&#8221;.vc_custom_1667665836359{padding-bottom: 32px !important;}&#8221;][vc_column_text]La<strong> cultura della qualit\u00e0<\/strong> \u00e8 un elemento guida dell\u2019attivit\u00e0 <strong>Astra Vernici<\/strong>, con procedure aziendali per in ogni settore e ruolo operativo. Affinch\u00e9 si trovi la <strong>soddisfazione<\/strong> dei nostri clienti e partner.<\/p>\n<p>Sono parte integrante e caratterizzante di questa filosofia i laboratori di ricerca.<\/p>\n<p>All&#8217;interno di questi laboratori nascono le<strong> vernici<\/strong> di <strong>domani<\/strong> e sono eseguiti i severi test che l\u2019azienda applica.<br \/>\nPerch\u00e9 le verifiche sono fatte sia a monte, che a valle e durante tutte le fasi di lavoro, come puoi vedere <a class=\"linkato\" href=\"https:\/\/www.youtube.com\/watch?v=JPOsqpza0Ng\">nel nostro video aziendale<\/a>.<br \/>\nInoltre i nostri professionisti sono <strong>molto qualificati<\/strong> e specializzati nel settore delle <strong>vernici per legno <\/strong>esterno e interno.[\/vc_column_text][\/vc_column][vc_column width=&#8221;1\/2&#8243;][vc_single_image image=&#8221;31981&#8243; img_size=&#8221;full&#8221; alignment=&#8221;right&#8221;][\/vc_column][\/vc_row][vc_row css=&#8221;.vc_custom_1611237983015{padding-top: 60px !important;padding-bottom: 60px !important;}&#8221;][vc_column][vc_custom_heading text=&#8221;Tecnologia e controlli d&#8217;avanguardia&#8221; font_container=&#8221;tag:h5|text_align:left&#8221; use_theme_fonts=&#8221;yes&#8221; css=&#8221;.vc_custom_1667665829581{padding-bottom: 32px !important;}&#8221;][vc_column_text]<strong>Gli investimenti tecnologici<\/strong> e produttivi di questi ultimi anni di <strong>Astra Vernici<\/strong>, hanno permesso all&#8217;azienda di essere competitiva su tutti i fronti del mercati.<br \/>\nDai <strong>modernissimi impianti<\/strong> completamente automatizzati nelle miscelazioni e nei dosaggi, escono le vernici destinate a risolvere tutte le necessit\u00e0 degli interlocutori di mercato, nei pi\u00f9 svariati settori e scenari applicativi.<\/p>\n<p>Infine, il cardine dell\u2019intero \u201csistema azienda\u201d \u00e8 la qualit\u00e0, perseguita, gestita e controllata con procedure <strong>pianificate<\/strong>.<br \/>\nIl \u201csistema azienda\u201d di <strong>Astra Vernici<\/strong> permette di ottenere prodotti garantiti e affidabili, con livelli prestazionali e di sicurezza al vertice del settore, capaci di assicurare una resa che si traduce direttamente in competitivit\u00e0.[\/vc_column_text][\/vc_column][\/vc_row]<\/p>\n","protected":false},"excerpt":{"rendered":"<p>[vc_row css=&#8221;.vc_custom_1611242380553{padding-top: 60px !important;}&#8221;][vc_column css=&#8221;.vc_custom_1611242083099{margin-top: -13px !important;}&#8221; offset=&#8221;vc_col-lg-12 vc_col-md-12&#8243;][vc_row_inner][vc_column_inner width=&#8221;1\/6&#8243; css=&#8221;.vc_custom_1456648042128{padding-right: 0px !important;}&#8221; offset=&#8221;vc_hidden-md vc_hidden-sm vc_hidden-xs&#8221;][vc_separator color=&#8221;custom&#8221; style=&#8221;double&#8221; border_width=&#8221;2&#8243; accent_color=&#8221;#dfe5e8&#8243;][\/vc_column_inner][vc_column_inner&#8230;<\/p>\n","protected":false},"author":1,"featured_media":0,"parent":0,"menu_order":0,"comment_status":"closed","ping_status":"closed","template":"","meta":{"_mi_skip_tracking":false,"_monsterinsights_sitenote_active":false,"_monsterinsights_sitenote_note":"","_monsterinsights_sitenote_category":0},"yoast_head":"<!-- This site is optimized with the Yoast SEO Premium plugin v16.0.3 (Yoast SEO v17.6) - https:\/\/yoast.com\/wordpress\/plugins\/seo\/ -->\n<title>Vernici per Legno Esterno Professionali Bergamo | AviVernici<\/title>\n<meta name=\"description\" content=\"Quali sono le migliori vernici professionali, vernici per legno esterno, vernici per legno interno, vernici per legno bergamo, vernici UV...\" \/>\n<meta name=\"robots\" content=\"index, follow, max-snippet:-1, max-image-preview:large, max-video-preview:-1\" \/>\n<link rel=\"canonical\" href=\"https:\/\/www.aviverniciitalia.com\/it\/profilo\/\" \/>\n<meta property=\"og:locale\" content=\"it_IT\" \/>\n<meta property=\"og:type\" content=\"article\" \/>\n<meta property=\"og:title\" content=\"Vernici per Legno Esterno Professionali Bergamo | AviVernici\" \/>\n<meta property=\"og:description\" content=\"Quali sono le migliori vernici professionali, vernici per legno esterno, vernici per legno interno, vernici per legno bergamo, vernici UV...\" \/>\n<meta property=\"og:url\" content=\"https:\/\/www.aviverniciitalia.com\/it\/profilo\/\" \/>\n<meta property=\"og:site_name\" content=\"AviVernici\" \/>\n<meta property=\"article:modified_time\" content=\"2023-12-19T08:30:58+00:00\" \/>\n<meta name=\"twitter:card\" content=\"summary_large_image\" \/>\n<meta name=\"twitter:label1\" content=\"Tempo di lettura stimato\" \/>\n\t<meta name=\"twitter:data1\" content=\"3 minuti\" \/>\n<script type=\"application\/ld+json\" class=\"yoast-schema-graph\">{\"@context\":\"https:\/\/schema.org\",\"@graph\":[{\"@type\":\"Organization\",\"@id\":\"https:\/\/www.aviverniciitalia.com\/it\/#organization\",\"name\":\"Astra Vernici\",\"url\":\"https:\/\/www.aviverniciitalia.com\/it\/\",\"sameAs\":[],\"logo\":{\"@type\":\"ImageObject\",\"@id\":\"https:\/\/www.aviverniciitalia.com\/it\/#logo\",\"inLanguage\":\"it-IT\",\"url\":\"https:\/\/www.aviverniciitalia.com\/wp-content\/uploads\/2019\/09\/astra-logo-2020-blu.png\",\"contentUrl\":\"https:\/\/www.aviverniciitalia.com\/wp-content\/uploads\/2019\/09\/astra-logo-2020-blu.png\",\"width\":300,\"height\":56,\"caption\":\"Astra Vernici\"},\"image\":{\"@id\":\"https:\/\/www.aviverniciitalia.com\/it\/#logo\"}},{\"@type\":\"WebSite\",\"@id\":\"https:\/\/www.aviverniciitalia.com\/it\/#website\",\"url\":\"https:\/\/www.aviverniciitalia.com\/it\/\",\"name\":\"AviVernici\",\"description\":\"Italian Performance Coatings\",\"publisher\":{\"@id\":\"https:\/\/www.aviverniciitalia.com\/it\/#organization\"},\"potentialAction\":[{\"@type\":\"SearchAction\",\"target\":{\"@type\":\"EntryPoint\",\"urlTemplate\":\"https:\/\/www.aviverniciitalia.com\/it\/?s={search_term_string}\"},\"query-input\":\"required name=search_term_string\"}],\"inLanguage\":\"it-IT\"},{\"@type\":\"WebPage\",\"@id\":\"https:\/\/www.aviverniciitalia.com\/it\/profilo\/#webpage\",\"url\":\"https:\/\/www.aviverniciitalia.com\/it\/profilo\/\",\"name\":\"Vernici per Legno Esterno Professionali Bergamo | AviVernici\",\"isPartOf\":{\"@id\":\"https:\/\/www.aviverniciitalia.com\/it\/#website\"},\"datePublished\":\"2021-01-20T16:14:50+00:00\",\"dateModified\":\"2023-12-19T08:30:58+00:00\",\"description\":\"Quali sono le migliori vernici professionali, vernici per legno esterno, vernici per legno interno, vernici per legno bergamo, vernici UV...\",\"breadcrumb\":{\"@id\":\"https:\/\/www.aviverniciitalia.com\/it\/profilo\/#breadcrumb\"},\"inLanguage\":\"it-IT\",\"potentialAction\":[{\"@type\":\"ReadAction\",\"target\":[\"https:\/\/www.aviverniciitalia.com\/it\/profilo\/\"]}]},{\"@type\":\"BreadcrumbList\",\"@id\":\"https:\/\/www.aviverniciitalia.com\/it\/profilo\/#breadcrumb\",\"itemListElement\":[{\"@type\":\"ListItem\",\"position\":1,\"name\":\"Home\",\"item\":\"https:\/\/www.aviverniciitalia.com\/it\/\"},{\"@type\":\"ListItem\",\"position\":2,\"name\":\"Profilo\"}]}]}<\/script>\n<!-- \/ Yoast SEO Premium plugin. -->","yoast_head_json":{"title":"Vernici per Legno Esterno Professionali Bergamo | AviVernici","description":"Quali sono le migliori vernici professionali, vernici per legno esterno, vernici per legno interno, vernici per legno bergamo, vernici UV...","robots":{"index":"index","follow":"follow","max-snippet":"max-snippet:-1","max-image-preview":"max-image-preview:large","max-video-preview":"max-video-preview:-1"},"canonical":"https:\/\/www.aviverniciitalia.com\/it\/profilo\/","og_locale":"it_IT","og_type":"article","og_title":"Vernici per Legno Esterno Professionali Bergamo | AviVernici","og_description":"Quali sono le migliori vernici professionali, vernici per legno esterno, vernici per legno interno, vernici per legno bergamo, vernici UV...","og_url":"https:\/\/www.aviverniciitalia.com\/it\/profilo\/","og_site_name":"AviVernici","article_modified_time":"2023-12-19T08:30:58+00:00","twitter_card":"summary_large_image","twitter_misc":{"Tempo di lettura stimato":"3 minuti"},"schema":{"@context":"https:\/\/schema.org","@graph":[{"@type":"Organization","@id":"https:\/\/www.aviverniciitalia.com\/it\/#organization","name":"Astra Vernici","url":"https:\/\/www.aviverniciitalia.com\/it\/","sameAs":[],"logo":{"@type":"ImageObject","@id":"https:\/\/www.aviverniciitalia.com\/it\/#logo","inLanguage":"it-IT","url":"https:\/\/www.aviverniciitalia.com\/wp-content\/uploads\/2019\/09\/astra-logo-2020-blu.png","contentUrl":"https:\/\/www.aviverniciitalia.com\/wp-content\/uploads\/2019\/09\/astra-logo-2020-blu.png","width":300,"height":56,"caption":"Astra Vernici"},"image":{"@id":"https:\/\/www.aviverniciitalia.com\/it\/#logo"}},{"@type":"WebSite","@id":"https:\/\/www.aviverniciitalia.com\/it\/#website","url":"https:\/\/www.aviverniciitalia.com\/it\/","name":"AviVernici","description":"Italian Performance Coatings","publisher":{"@id":"https:\/\/www.aviverniciitalia.com\/it\/#organization"},"potentialAction":[{"@type":"SearchAction","target":{"@type":"EntryPoint","urlTemplate":"https:\/\/www.aviverniciitalia.com\/it\/?s={search_term_string}"},"query-input":"required name=search_term_string"}],"inLanguage":"it-IT"},{"@type":"WebPage","@id":"https:\/\/www.aviverniciitalia.com\/it\/profilo\/#webpage","url":"https:\/\/www.aviverniciitalia.com\/it\/profilo\/","name":"Vernici per Legno Esterno Professionali Bergamo | AviVernici","isPartOf":{"@id":"https:\/\/www.aviverniciitalia.com\/it\/#website"},"datePublished":"2021-01-20T16:14:50+00:00","dateModified":"2023-12-19T08:30:58+00:00","description":"Quali sono le migliori vernici professionali, vernici per legno esterno, vernici per legno interno, vernici per legno bergamo, vernici UV...","breadcrumb":{"@id":"https:\/\/www.aviverniciitalia.com\/it\/profilo\/#breadcrumb"},"inLanguage":"it-IT","potentialAction":[{"@type":"ReadAction","target":["https:\/\/www.aviverniciitalia.com\/it\/profilo\/"]}]},{"@type":"BreadcrumbList","@id":"https:\/\/www.aviverniciitalia.com\/it\/profilo\/#breadcrumb","itemListElement":[{"@type":"ListItem","position":1,"name":"Home","item":"https:\/\/www.aviverniciitalia.com\/it\/"},{"@type":"ListItem","position":2,"name":"Profilo"}]}]}},"_links":{"self":[{"href":"https:\/\/www.aviverniciitalia.com\/it\/wp-json\/wp\/v2\/pages\/31957"}],"collection":[{"href":"https:\/\/www.aviverniciitalia.com\/it\/wp-json\/wp\/v2\/pages"}],"about":[{"href":"https:\/\/www.aviverniciitalia.com\/it\/wp-json\/wp\/v2\/types\/page"}],"author":[{"embeddable":true,"href":"https:\/\/www.aviverniciitalia.com\/it\/wp-json\/wp\/v2\/users\/1"}],"replies":[{"embeddable":true,"href":"https:\/\/www.aviverniciitalia.com\/it\/wp-json\/wp\/v2\/comments?post=31957"}],"version-history":[{"count":14,"href":"https:\/\/www.aviverniciitalia.com\/it\/wp-json\/wp\/v2\/pages\/31957\/revisions"}],"predecessor-version":[{"id":34706,"href":"https:\/\/www.aviverniciitalia.com\/it\/wp-json\/wp\/v2\/pages\/31957\/revisions\/34706"}],"wp:attachment":[{"href":"https:\/\/www.aviverniciitalia.com\/it\/wp-json\/wp\/v2\/media?parent=31957"}],"curies":[{"name":"wp","href":"https:\/\/api.w.org\/{rel}","templated":true}]}}