{"id":31951,"date":"2021-01-20T14:25:19","date_gmt":"2021-01-20T13:25:19","guid":{"rendered":"https:\/\/www.aviverniciitalia.com\/?page_id=31951"},"modified":"2023-12-19T09:35:02","modified_gmt":"2023-12-19T08:35:02","slug":"ricerca","status":"publish","type":"page","link":"https:\/\/www.aviverniciitalia.com\/it\/ricerca\/","title":{"rendered":"Ricerca"},"content":{"rendered":"<p>[vc_row css=&#8221;.vc_custom_1611242380553{padding-top: 60px !important;}&#8221;][vc_column css=&#8221;.vc_custom_1611242083099{margin-top: -13px !important;}&#8221; offset=&#8221;vc_col-lg-12 vc_col-md-12&#8243;][vc_row_inner][vc_column_inner width=&#8221;1\/6&#8243; css=&#8221;.vc_custom_1456648042128{padding-right: 0px !important;}&#8221; offset=&#8221;vc_hidden-md vc_hidden-sm vc_hidden-xs&#8221;]<div class=\"clearboth\"><\/div><div class=\"gem-divider \" style=\"margin-top: 23px;\"><\/div>[vc_separator color=&#8221;custom&#8221; style=&#8221;double&#8221; border_width=&#8221;2&#8243; accent_color=&#8221;#dfe5e8&#8243;][\/vc_column_inner][vc_column_inner width=&#8221;2\/3&#8243;][vc_column_text]<\/p>\n<h1 style=\"font-size: 10px; text-transform: uppercase; text-align: center;\"><strong>vernici per legno colori<\/strong><\/h1>\n<p>[\/vc_column_text][vc_column_text]<\/p>\n<div class=\"title-h2\" style=\"text-align: center;\"><span class=\"light\">Un nostro costante<\/span> impegno<\/div>\n<p>[\/vc_column_text][\/vc_column_inner][vc_column_inner width=&#8221;1\/6&#8243; css=&#8221;.vc_custom_1456648092629{padding-left: 0px !important;}&#8221; offset=&#8221;vc_hidden-md vc_hidden-sm vc_hidden-xs&#8221;]<div class=\"clearboth\"><\/div><div class=\"gem-divider \" style=\"margin-top: 23px;\"><\/div>[vc_separator color=&#8221;custom&#8221; style=&#8221;double&#8221; border_width=&#8221;2&#8243; accent_color=&#8221;#dfe5e8&#8243;][\/vc_column_inner][\/vc_row_inner][vc_row_inner css=&#8221;.vc_custom_1461313035205{margin-top: 39px !important;}&#8221;][vc_column_inner width=&#8221;1\/6&#8243;][\/vc_column_inner][vc_column_inner width=&#8221;2\/3&#8243;][vc_column_text]I migliori <strong>colori dei mobili legno<\/strong>, le vernici ecologiche, le <a href=\"https:\/\/www.aviverniciitalia.com\/it\/vernici\/vernici-ignifughe\/\">vernici ignifughe <\/a>e pure quelle <a href=\"https:\/\/www.aviverniciitalia.com\/it\/vernici\/vernici-poliuretaniche-2k-3\/\">poliuretaniche<\/a>. Tutte hanno in comune un&#8217;elevata <strong>qualit\u00e0<\/strong>.<br \/>\nLa cultura della qualit\u00e0 \u00e8 un elemento guida dell\u2019attivit\u00e0 <strong>Astra Vernici<\/strong>\u00ae, testimoniato dalle procedure aziendali adottate, in ogni settore e ruolo operativo, dal livello della produzione e dalla soddisfazione dei propri partner.<br \/>\nI nostri laboratori di ricerca, in cui lavora uno staff di chimici altamente qualificati, sono parte integrante del sistema Astra.<br \/>\nInfatti all&#8217;interno nascono le nuove vernici di domani e sono eseguiti i test che l\u2019azienda applica sull&#8217;intera produzione.[\/vc_column_text][\/vc_column_inner][vc_column_inner width=&#8221;1\/6&#8243;][\/vc_column_inner][\/vc_row_inner][\/vc_column][\/vc_row][vc_row full_width=&#8221;stretch_row_content_no_spaces&#8221; css=&#8221;.vc_custom_1667645085011{padding-top: 60px !important;}&#8221;][vc_column]<div id=\"fullwidth-block-6a047c787ca1f\" class=\"fullwidth-block fullwidth-block-parallax-vertical clearfix\" data-mobile-parallax-enable=\"0\" style=\"color: #ffffff;padding-top: 200px;padding-bottom: 200px;padding-left: 200px;padding-right: 200px;\"><script type=\"text\/javascript\">if (typeof(gem_fix_fullwidth_position) == \"function\") { gem_fix_fullwidth_position(document.getElementById(\"fullwidth-block-6a047c787ca1f\")); }<\/script><div class=\"fullwidth-block-background\" style=\"background-image: url(https:\/\/www.aviverniciitalia.com\/wp-content\/uploads\/2021\/01\/header-3.jpg);background-repeat: no-repeat; background-size: cover;background-position: center center;\"><\/div><div class=\"fullwidth-block-inner\">[vc_column_text]<\/p>\n<h2 style=\"font-size: 10px; text-transform: uppercase; text-align: center;\"><span style=\"color: #6a80e3;\"><strong>vernici per legno colori<\/strong><\/span><\/h2>\n<p>[\/vc_column_text][vc_custom_heading text=&#8221;Un continuo impegno di ricerca&#8221; font_container=&#8221;tag:h3|text_align:center|color:%23ffffff&#8221; use_theme_fonts=&#8221;yes&#8221;][vc_column_text]<\/p>\n<p style=\"text-align: center;\">La cultura della qualit\u00e0 \u00e8 un elemento guida dell\u2019attivit\u00e0 <strong>Astra Vernici\u00ae<\/strong>.<br \/>\nLe procedure adottate, in ogni settore e ruolo, dal nostro staff qualificato sono la parte principale.<br \/>\nAll&#8217;interno dei laboratori nascono le nuove vernici di domani e sono eseguiti severi test.<br \/>\nVerifiche che sono effettuate sia a monte, che a valle. Durante tutte le fasi produttive.<\/p>\n<p>[\/vc_column_text]<\/div><\/div>[\/vc_column][\/vc_row][vc_row equal_height=&#8221;yes&#8221; content_placement=&#8221;middle&#8221; css=&#8221;.vc_custom_1611242842655{padding-top: 60px !important;padding-bottom: 60px !important;}&#8221;][vc_column width=&#8221;2\/3&#8243;][vc_column_text]<\/p>\n<h4 style=\"font-size: 10px; text-transform: uppercase; text-align: center;\"><strong>colori legno mobili<\/strong><\/h4>\n<p>[\/vc_column_text][vc_custom_heading text=&#8221;Tecnologia e controlli d&#8217;avanguardia&#8221; use_theme_fonts=&#8221;yes&#8221;][vc_column_text]Gli investimenti e gli aggiornamenti tecnologici hanno permesso all&#8217;azienda di essere <strong>competitiva<\/strong> su tutti i mercati globali.<br \/>\nDai moderni impianti <strong>hi-tech<\/strong> delle miscelazioni e nei dosaggi, escono le vernici destinate a risolvere tutte le necessit\u00e0 dei nostri clienti.<br \/>\nLavoriamo per svariati settori e scenari applicativi. E siamo fieri e molto grati di questo.<br \/>\nAffinch\u00e9 si ottengano prodotti top, la qualit\u00e0 \u00e8 il cardine di tutto il \u201csistema azienda\u201d <strong>Astra Vernici<\/strong>. Viene perseguita, gestita e controllata con procedure attentamente pianificate. Garanzia e affidabili, e come sempre: prestazionali al top.<\/p>\n<p>Una sicurezza al vertice del settore. Una garanzia di resa che si traduce direttamente in competitivit\u00e0.[\/vc_column_text][\/vc_column][vc_column width=&#8221;1\/3&#8243;][vc_single_image image=&#8221;31981&#8243; img_size=&#8221;full&#8221; alignment=&#8221;center&#8221;][\/vc_column][\/vc_row]<\/p>\n","protected":false},"excerpt":{"rendered":"<p>[vc_row css=&#8221;.vc_custom_1611242380553{padding-top: 60px !important;}&#8221;][vc_column css=&#8221;.vc_custom_1611242083099{margin-top: -13px !important;}&#8221; offset=&#8221;vc_col-lg-12 vc_col-md-12&#8243;][vc_row_inner][vc_column_inner width=&#8221;1\/6&#8243; css=&#8221;.vc_custom_1456648042128{padding-right: 0px !important;}&#8221; offset=&#8221;vc_hidden-md vc_hidden-sm vc_hidden-xs&#8221;][vc_separator color=&#8221;custom&#8221; style=&#8221;double&#8221; border_width=&#8221;2&#8243; accent_color=&#8221;#dfe5e8&#8243;][\/vc_column_inner][vc_column_inner&#8230;<\/p>\n","protected":false},"author":1,"featured_media":0,"parent":0,"menu_order":0,"comment_status":"closed","ping_status":"closed","template":"","meta":{"_mi_skip_tracking":false,"_monsterinsights_sitenote_active":false,"_monsterinsights_sitenote_note":"","_monsterinsights_sitenote_category":0},"yoast_head":"<!-- This site is optimized with the Yoast SEO Premium plugin v16.0.3 (Yoast SEO v17.6) - https:\/\/yoast.com\/wordpress\/plugins\/seo\/ -->\n<title>Vernici per legno Colori ,Vernici Ecologiche, Vernici Ignifughe AviVernici<\/title>\n<meta name=\"description\" content=\"Vernici per legno colori, Vernici per legno interno, vernici ad acqua, vernici, vernici ecologiche, vernici ad essicazione UV, diluenti, oli\" \/>\n<meta name=\"robots\" content=\"index, follow, max-snippet:-1, max-image-preview:large, max-video-preview:-1\" \/>\n<link rel=\"canonical\" href=\"https:\/\/www.aviverniciitalia.com\/it\/ricerca\/\" \/>\n<meta property=\"og:locale\" content=\"it_IT\" \/>\n<meta property=\"og:type\" content=\"article\" \/>\n<meta property=\"og:title\" content=\"Vernici per legno Colori ,Vernici Ecologiche, Vernici Ignifughe AviVernici\" \/>\n<meta property=\"og:description\" content=\"Vernici per legno colori, Vernici per legno interno, vernici ad acqua, vernici, vernici ecologiche, vernici ad essicazione UV, diluenti, oli\" \/>\n<meta property=\"og:url\" content=\"https:\/\/www.aviverniciitalia.com\/it\/ricerca\/\" \/>\n<meta property=\"og:site_name\" content=\"AviVernici\" \/>\n<meta property=\"article:modified_time\" content=\"2023-12-19T08:35:02+00:00\" \/>\n<meta name=\"twitter:card\" content=\"summary_large_image\" \/>\n<meta name=\"twitter:label1\" content=\"Tempo di lettura stimato\" \/>\n\t<meta name=\"twitter:data1\" content=\"2 minuti\" \/>\n<script type=\"application\/ld+json\" class=\"yoast-schema-graph\">{\"@context\":\"https:\/\/schema.org\",\"@graph\":[{\"@type\":\"Organization\",\"@id\":\"https:\/\/www.aviverniciitalia.com\/it\/#organization\",\"name\":\"Astra Vernici\",\"url\":\"https:\/\/www.aviverniciitalia.com\/it\/\",\"sameAs\":[],\"logo\":{\"@type\":\"ImageObject\",\"@id\":\"https:\/\/www.aviverniciitalia.com\/it\/#logo\",\"inLanguage\":\"it-IT\",\"url\":\"https:\/\/www.aviverniciitalia.com\/wp-content\/uploads\/2019\/09\/astra-logo-2020-blu.png\",\"contentUrl\":\"https:\/\/www.aviverniciitalia.com\/wp-content\/uploads\/2019\/09\/astra-logo-2020-blu.png\",\"width\":300,\"height\":56,\"caption\":\"Astra Vernici\"},\"image\":{\"@id\":\"https:\/\/www.aviverniciitalia.com\/it\/#logo\"}},{\"@type\":\"WebSite\",\"@id\":\"https:\/\/www.aviverniciitalia.com\/it\/#website\",\"url\":\"https:\/\/www.aviverniciitalia.com\/it\/\",\"name\":\"AviVernici\",\"description\":\"Italian Performance Coatings\",\"publisher\":{\"@id\":\"https:\/\/www.aviverniciitalia.com\/it\/#organization\"},\"potentialAction\":[{\"@type\":\"SearchAction\",\"target\":{\"@type\":\"EntryPoint\",\"urlTemplate\":\"https:\/\/www.aviverniciitalia.com\/it\/?s={search_term_string}\"},\"query-input\":\"required name=search_term_string\"}],\"inLanguage\":\"it-IT\"},{\"@type\":\"WebPage\",\"@id\":\"https:\/\/www.aviverniciitalia.com\/it\/ricerca\/#webpage\",\"url\":\"https:\/\/www.aviverniciitalia.com\/it\/ricerca\/\",\"name\":\"Vernici per legno Colori ,Vernici Ecologiche, Vernici Ignifughe AviVernici\",\"isPartOf\":{\"@id\":\"https:\/\/www.aviverniciitalia.com\/it\/#website\"},\"datePublished\":\"2021-01-20T13:25:19+00:00\",\"dateModified\":\"2023-12-19T08:35:02+00:00\",\"description\":\"Vernici per legno colori, Vernici per legno interno, vernici ad acqua, vernici, vernici ecologiche, vernici ad essicazione UV, diluenti, oli\",\"breadcrumb\":{\"@id\":\"https:\/\/www.aviverniciitalia.com\/it\/ricerca\/#breadcrumb\"},\"inLanguage\":\"it-IT\",\"potentialAction\":[{\"@type\":\"ReadAction\",\"target\":[\"https:\/\/www.aviverniciitalia.com\/it\/ricerca\/\"]}]},{\"@type\":\"BreadcrumbList\",\"@id\":\"https:\/\/www.aviverniciitalia.com\/it\/ricerca\/#breadcrumb\",\"itemListElement\":[{\"@type\":\"ListItem\",\"position\":1,\"name\":\"Home\",\"item\":\"https:\/\/www.aviverniciitalia.com\/it\/\"},{\"@type\":\"ListItem\",\"position\":2,\"name\":\"Ricerca\"}]}]}<\/script>\n<!-- \/ Yoast SEO Premium plugin. -->","yoast_head_json":{"title":"Vernici per legno Colori ,Vernici Ecologiche, Vernici Ignifughe AviVernici","description":"Vernici per legno colori, Vernici per legno interno, vernici ad acqua, vernici, vernici ecologiche, vernici ad essicazione UV, diluenti, oli","robots":{"index":"index","follow":"follow","max-snippet":"max-snippet:-1","max-image-preview":"max-image-preview:large","max-video-preview":"max-video-preview:-1"},"canonical":"https:\/\/www.aviverniciitalia.com\/it\/ricerca\/","og_locale":"it_IT","og_type":"article","og_title":"Vernici per legno Colori ,Vernici Ecologiche, Vernici Ignifughe AviVernici","og_description":"Vernici per legno colori, Vernici per legno interno, vernici ad acqua, vernici, vernici ecologiche, vernici ad essicazione UV, diluenti, oli","og_url":"https:\/\/www.aviverniciitalia.com\/it\/ricerca\/","og_site_name":"AviVernici","article_modified_time":"2023-12-19T08:35:02+00:00","twitter_card":"summary_large_image","twitter_misc":{"Tempo di lettura stimato":"2 minuti"},"schema":{"@context":"https:\/\/schema.org","@graph":[{"@type":"Organization","@id":"https:\/\/www.aviverniciitalia.com\/it\/#organization","name":"Astra Vernici","url":"https:\/\/www.aviverniciitalia.com\/it\/","sameAs":[],"logo":{"@type":"ImageObject","@id":"https:\/\/www.aviverniciitalia.com\/it\/#logo","inLanguage":"it-IT","url":"https:\/\/www.aviverniciitalia.com\/wp-content\/uploads\/2019\/09\/astra-logo-2020-blu.png","contentUrl":"https:\/\/www.aviverniciitalia.com\/wp-content\/uploads\/2019\/09\/astra-logo-2020-blu.png","width":300,"height":56,"caption":"Astra Vernici"},"image":{"@id":"https:\/\/www.aviverniciitalia.com\/it\/#logo"}},{"@type":"WebSite","@id":"https:\/\/www.aviverniciitalia.com\/it\/#website","url":"https:\/\/www.aviverniciitalia.com\/it\/","name":"AviVernici","description":"Italian Performance Coatings","publisher":{"@id":"https:\/\/www.aviverniciitalia.com\/it\/#organization"},"potentialAction":[{"@type":"SearchAction","target":{"@type":"EntryPoint","urlTemplate":"https:\/\/www.aviverniciitalia.com\/it\/?s={search_term_string}"},"query-input":"required name=search_term_string"}],"inLanguage":"it-IT"},{"@type":"WebPage","@id":"https:\/\/www.aviverniciitalia.com\/it\/ricerca\/#webpage","url":"https:\/\/www.aviverniciitalia.com\/it\/ricerca\/","name":"Vernici per legno Colori ,Vernici Ecologiche, Vernici Ignifughe AviVernici","isPartOf":{"@id":"https:\/\/www.aviverniciitalia.com\/it\/#website"},"datePublished":"2021-01-20T13:25:19+00:00","dateModified":"2023-12-19T08:35:02+00:00","description":"Vernici per legno colori, Vernici per legno interno, vernici ad acqua, vernici, vernici ecologiche, vernici ad essicazione UV, diluenti, oli","breadcrumb":{"@id":"https:\/\/www.aviverniciitalia.com\/it\/ricerca\/#breadcrumb"},"inLanguage":"it-IT","potentialAction":[{"@type":"ReadAction","target":["https:\/\/www.aviverniciitalia.com\/it\/ricerca\/"]}]},{"@type":"BreadcrumbList","@id":"https:\/\/www.aviverniciitalia.com\/it\/ricerca\/#breadcrumb","itemListElement":[{"@type":"ListItem","position":1,"name":"Home","item":"https:\/\/www.aviverniciitalia.com\/it\/"},{"@type":"ListItem","position":2,"name":"Ricerca"}]}]}},"_links":{"self":[{"href":"https:\/\/www.aviverniciitalia.com\/it\/wp-json\/wp\/v2\/pages\/31951"}],"collection":[{"href":"https:\/\/www.aviverniciitalia.com\/it\/wp-json\/wp\/v2\/pages"}],"about":[{"href":"https:\/\/www.aviverniciitalia.com\/it\/wp-json\/wp\/v2\/types\/page"}],"author":[{"embeddable":true,"href":"https:\/\/www.aviverniciitalia.com\/it\/wp-json\/wp\/v2\/users\/1"}],"replies":[{"embeddable":true,"href":"https:\/\/www.aviverniciitalia.com\/it\/wp-json\/wp\/v2\/comments?post=31951"}],"version-history":[{"count":13,"href":"https:\/\/www.aviverniciitalia.com\/it\/wp-json\/wp\/v2\/pages\/31951\/revisions"}],"predecessor-version":[{"id":35487,"href":"https:\/\/www.aviverniciitalia.com\/it\/wp-json\/wp\/v2\/pages\/31951\/revisions\/35487"}],"wp:attachment":[{"href":"https:\/\/www.aviverniciitalia.com\/it\/wp-json\/wp\/v2\/media?parent=31951"}],"curies":[{"name":"wp","href":"https:\/\/api.w.org\/{rel}","templated":true}]}}