{"id":30454,"date":"2019-08-07T14:45:36","date_gmt":"2019-08-07T12:45:36","guid":{"rendered":"https:\/\/www.aviverniciitalia.com\/?page_id=30454"},"modified":"2021-02-02T12:14:56","modified_gmt":"2021-02-02T11:14:56","slug":"cookie-policy","status":"publish","type":"page","link":"https:\/\/www.aviverniciitalia.com\/it\/cookie-policy\/","title":{"rendered":"Cookie Policy"},"content":{"rendered":"<p>[vc_row css=&#8221;.vc_custom_1612264485010{padding-top: 60px !important;padding-bottom: 60px !important;}&#8221;][vc_column][vc_column_text]<strong>Cookie Policy<\/strong><br \/>\nInformativa resa ai sensi del Regolamento (UE) 2016\/679 del Parlamento Europeo e del Consiglio del 27 aprile 2016 \u201crelativo alla protezione delle persone fisiche con riguardo al trattamento dei dati personali, nonch\u00e9 alla libera circolazione di tali dati e che abroga la direttiva 95\/46\/CE (Regolamento generale sulla protezione dei dati), in vigore dal 24 maggio 2016, e applicabile a partire dal 25 maggio 2018 ai visitatori del sito internet https:\/\/www.aviverniciitalia.com\/ e fruitori dei servizi offerti dallo stesso, a partire dall\u2019indirizzo (https:\/\/www.aviverniciitalia.com\/), con l\u2019esclusione dei link esterni. I dati raccolti attraverso questo sito si dividono in:<\/p>\n<p><strong>Dati di navigazione<\/strong><br \/>\nIn questa categoria di dati rientrano gli indirizzi IP o i nomi a dominio dei computer utilizzati dagli utenti che si connettono al sito, gli indirizzi in notazione URI (Uniform Resource Identifier) delle risorse richieste, e altri parametri connessi al protocollo http e relativi al sistema operativo e all\u2019ambiente informatico dell\u2019utente.<\/p>\n<p>Questi dati vengono utilizzati al solo fine di ricavare informazioni statistiche anonime sull\u2019uso del sito e per controllarne il corretto funzionamento e vengono cancellati immediatamente dopo l\u2019elaborazione. I dati potrebbero essere utilizzati per l\u2019accertamento di responsabilit\u00e0 in caso di ipotetici reati informatici ai danni del sito: salva questa eventualit\u00e0, allo stato i dati sui contatti web non persistono per pi\u00f9 di sette giorni.<\/p>\n<p>Dati forniti volontariamente dall\u2019utente<br \/>\nL\u2019invio facoltativo, esplicito e volontario di posta elettronica agli indirizzi indicati su questo sito comporta la successiva acquisizione dell\u2019indirizzo del mittente, necessario per rispondere alle richieste, nonch\u00e9 degli eventuali altri dati personali inseriti nella missiva.<\/p>\n<p><strong>Cookie<\/strong><br \/>\nI cookie sono porzioni di informazioni che il sito web inserisce nel tuo dispositivo di navigazione quando visiti una pagina. Possono comportare la trasmissione di informazioni tra il sito web e il tuo dispositivo, e tra quest\u2019ultimo e altri siti che operano per conto nostro o in privato, conformemente a quanto stabilito nella rispettiva Informativa sulla privacy.<\/p>\n<p>Nessun dato personale degli utenti viene in proposito acquisito dal sito. Non viene fatto uso di cookie per la trasmissione di informazioni di carattere personale, n\u00e9 vengono utilizzati c.d. cookie persistenti di alcun tipo, ovvero sistemi per il tracciamento degli utenti.<\/p>\n<p>Ricordiamo che l\u2019utente, tramite configurazione del proprio browser pu\u00f2 in qualsiasi momento disabilitare l\u2019operativit\u00e0 dei cookie o essere informato nel momento in cui riceve il cookie e negare il consenso all\u2019invio.<\/p>\n<p>Fatta eccezione per i dati raccolti automaticamente (dati di navigazione), il conferimento di altre informazioni attraverso moduli predisposti o email \u00e8 libero e spontaneo ed il mancato invio pu\u00f2 comportare solo una mancata soddisfazione di eventuali richieste.<\/p>\n<p>Il luogo di conservazione dei dati \u00e8 il Server del provider che ospita il sito (https:\/\/www.aviverniciitalia.com\/) per i soli dati di navigazione e gli elaboratori presso la sede di Astravernici per le altre comunicazioni, ad eccezione dei cookie che sono immagazzinati nei tuoi computer.<\/p>\n<p><strong>Cookie Analytics<\/strong><br \/>\nIl blog utilizza Google Analytics ANONIMIZZATO: i cookie analytics sono considerati tecnici se utilizzati solo a fini di ottimizzazione e se gli IP degli utenti sono mantenuti anonimi. Informiamo l\u2019utente che questo sito utilizza il servizio gratuito di Google Analytics.<\/p>\n<p>Ricordiamo che i dati vengono usati solo per avere i dati delle pagine pi\u00f9 visitate, del numero di visitatori, i dati aggregati delle visite per sistema operativo, per browser, ecc. Questi parametri vengono archiviati nei server di Google che ne disciplina la Privacy secondo queste linee guida.<\/p>\n<p><strong>Video di YouTube<\/strong><br \/>\nAlcuni articoli del blog potrebbero incorporare video di YouTube, servizio di video hosting di propriet\u00e0 di Google, in grado di effettuare una profilazione, utilizzati da questo sito allo scopo di mostrare dei contrnuti aggiuntivi. Ecco l\u2019informativa sui cookie di YouTube.<\/p>\n<p>Interazione con social network e piattaforme esterne<br \/>\nPulsante +1 e widget sociali di Google+, Pulsante Mi Piace e widget sociali di Facebook, Pulsante Tweet e widget sociali di Twitter, Pulsante Pin It e widget sociali di Pinterest e Pulsante di LinkedIn per la condivisione. Utilizzano: Cookie e Dati di utilizzo<\/p>\n<p>Pulsante +1 e widget sociali di Google+ (Google Inc.)<br \/>\nIl pulsante +1 e i widget sociali di Google+ (tra cui i commenti) sono servizi di interazione con il social network Google+, forniti da Google Inc.<br \/>\nDati personali raccolti: Cookie e Dati di utilizzo.<br \/>\nLuogo del trattamento : USA \u2013 Privacy Policy<br \/>\nPulsante Mi Piace e widget sociali di Facebook (Facebook, Inc.)<br \/>\nIl pulsante \u201cMi Piace\u201d e i widget sociali di Facebook sono servizi di interazione con il social network Facebook, forniti da Facebook, Inc.<br \/>\nDati personali raccolti: Cookie e Dati di utilizzo.<br \/>\nLuogo del trattamento : USA \u2013 Privacy Policy<br \/>\nPulsante Tweet e widget sociali di Twitter (Twitter, Inc.)<br \/>\nIl pulsante Tweet e i widget sociali di Twitter sono servizi di interazione con il social network Twitter, forniti da Twitter, Inc.<br \/>\nDati personali raccolti: Cookie e Dati di utilizzo.<br \/>\nLuogo del trattamento : USA \u2013Privacy Policy<br \/>\nPulsante e widget sociali di Linkedin (Linkedin)<br \/>\nIl pulsante e i widget sociali di Linkedin sono servizi di interazione con il social network Linkedin, forniti da Linkedin Inc.<br \/>\nDati personali raccolti: Cookie e Dati di navigazione ed utilizzo.<br \/>\nLuogo del Trattamento: USA \u2013 Privacy Policy<br \/>\nPulsante Pin It e widget sociali di Pinterest (Pinterest, Inc.)<br \/>\nIl pulsante \u201cPin it\u201d e i widget sociali di Pinterest sono servizi di interazione con il social network Pinterest, forniti da Pinterest, Inc.<br \/>\nDati personali raccolti: Cookie e Dati di utilizzo.<br \/>\nLuogo del trattamento : USA \u2013 Privacy Policy<br \/>\nAbilitazione\/disabilitazione di cookie tramite il browser<br \/>\nEsistono diversi modi per gestire i cookie e altre tecnologie di tracciabilit\u00e0. Modificando le impostazioni del browser, puoi accettare o rifiutare i cookie o decidere di ricevere un messaggio di avviso prima di accettare un cookie dai siti web visitati. Disabilitando completamente i cookie nel browser potresti non essere in grado di utilizzare tutte le nostre funzionalit\u00e0 interattive.<\/p>\n<p>Se utilizzi pi\u00f9 computer in postazioni diverse, assicurati che ogni browser sia impostato in modo da soddisfare le tue preferenze. Ecco qualche link utile:<\/p>\n<p>Microsoft Windows Explorer<br \/>\nGoogle Chrome<br \/>\nMozilla Firefox<br \/>\nApple Safari<br \/>\nPuoi eliminare tutti i cookie installati nella cartella dei cookie del tuo browser. Ogni browser presenta procedure diverse per la gestione delle impostazioni. Fai clic su uno dei collegamenti elencati in questa lista per ottenere istruzioni specifiche.<\/p>\n<p><strong>Newsletter<\/strong><br \/>\nSulle pagine del sito \u00e8 presente un form contenente il campo: \u201cindirizzo email\u201d. Compilando con i tuoi dati il campo e cliccando sul tasto di iscrizione, fa si che il Sito li memorizzi e li mantenga nel database per il futuro uso con le modalit\u00e0 e per i fini descritti nella presente policy.<\/p>\n<p><strong>Modalit\u00e0 del trattamento dei dati<\/strong><br \/>\nIl trattamento dei dati raccolti viene gestito dal Sito mediante strumenti informatici e telematici con logiche strettamente correlate alle finalit\u00e0 di seguito evidenziate e, comunque, in modo da garantire la sicurezza e la riservatezza dei dati stessi.<\/p>\n<p>Per l\u2019erogazione e la gestione della Newsletter, astravernici.it utilizza il servizio offerto da MailChimp (The Rocket Science Group, LLC, 512 Means St., Suite 404 \u2013 30318 \u2013 Atlanta, Georgia) e di seguito semplicemente \u201cMailChimp\u201d. I dati raccolti vengono memorizzati sui server sicuri di MailChimp.<\/p>\n<p>Ai sensi della privacy policy di MailChimp i tuoi dati non verranno mai utilizzati direttamente da MailChimp o da essa venduti a terzi. MailChimp si serve di operatori opportunamente autorizzati per il mantenimento del servizio e nell\u2019esercizio di detta funzione essi potrebbero avere accesso ai tuoi dati. Valgono, in ogni caso, le garanzie previste dalla privacy policy di MailChimp.<\/p>\n<p>In relazione alle finalit\u00e0 di seguito descritte, quando l\u2019amministratore provveder\u00e0 ad inviare la newsletter, i dati vengono recuperati mediante gli strumenti messi a disposizione da MailChimp e tramite essi le verr\u00e0 inviata la newsletter.<\/p>\n<p><strong>Il titolare del trattamento<br \/>\nE-mail:\u00a0<a href=\"https:\/\/www.aviverniciitalia.com\/it\/privacy\/#\">privacy@astravernici.it<\/a><br \/>\nPec: astravernici@legalmail.it\/a&gt;<br \/>\noppure una richiesta scritta all\u2019indirizzo:<br \/>\n<b>ASTRA VERNICI S.R.L.<\/b><br \/>\nDivisione Privacy<br \/>\nVia Dell\u2019Industria, 4<br \/>\n24052 Azzano San Paolo (BG)<br \/>\n<\/strong><\/p>\n<p>Ai sensi dell\u2019Art.7 del DL 196\/03 \u2013 Art. 7 \u2013 Diritto di accesso ai dati personali ed altri diritti.<\/p>\n<p>1. L\u2019interessato ha diritto di ottenere la conferma dell\u2019esistenza o meno di dati personali che lo riguardano, anche se non ancora registrati, e la loro comunicazione in forma intelligibile<br \/>\n2. L\u2019interessato ha diritto di ottenere l\u2019indicazione:<\/p>\n<p>a. dell\u2019origine dei dati personali;<br \/>\nb. delle finalit\u00e0 e modalit\u00e0 del trattamento;<br \/>\nc. della logica applicata in caso di trattamento effettuato con l\u2019ausilio di strumenti elettronici;<br \/>\nd. degli estremi identificativi del titolare, dei responsabili e del rappresentante designato ai sensi dell\u2019articolo 5, comma 2;<br \/>\ne. dei soggetti o delle categorie di soggetti ai quali i dati personali possono essere comunicati o che possono venirne a conoscenza in qualit\u00e0 di rappresentante designato nel territorio dello Stato, di responsabili o incaricati.<\/p>\n<p>3. L\u2019interessato ha diritto di ottene<\/p>\n<p>a. l\u2019aggiornamento, la rettificazione ovvero, quando vi ha interesse, l\u2019integrazione dei dati;<br \/>\nb. la cancellazione, la trasformazione in forma anonima o il blocco dei dati trattati in violazione di legge, compresi quelli di cui non \u00e8 necessaria la conservazione in relazione agli scopi per i quali i dati sono stati raccolti o successivamente trattati;<br \/>\nc. l\u2019attestazione che le operazioni di cui alle lettere a) e b) sono state portate a conoscenza, anche per quanto riguarda il loro contenuto, di coloro ai quali i dati sono stati comunicati o diffusi, eccettuato il caso in cui tale adempimento si rivela impossibile o comporta un impiego di mezzi manifestamente sproporzionato rispetto al diritto tutelato.<\/p>\n<p>4. L\u2019interessato ha diritto di opporsi, in tutto o in parte:<\/p>\n<p>a. per motivi legittimi al trattamento dei dati personali che lo riguardano, ancorch\u00e9 pertinenti allo scopo della raccolta;<br \/>\nb. al trattamento di dati personali che lo riguardano a fini di invio di materiale pubblicitario o di vendita diretta o per il compimento di ricerche di mercato o di comunicazione commerciale.<\/p>\n<p>\u00c8 possibile inoltre visitare il sito www.aboutcookies.org per informazioni su come poter gestire\/eliminare i cookie in base al tipo di browser utilizzato. Per eliminare i cookie dal browser Internet del proprio smartphone\/tablet, \u00e8 necessario fare riferimento al manuale d\u2019uso del dispositivo.[\/vc_column_text][\/vc_column][\/vc_row]<\/p>\n","protected":false},"excerpt":{"rendered":"<p>[vc_row css=&#8221;.vc_custom_1612264485010{padding-top: 60px !important;padding-bottom: 60px !important;}&#8221;][vc_column][vc_column_text]Cookie Policy Informativa resa ai sensi del Regolamento (UE) 2016\/679 del Parlamento Europeo e del&#8230;<\/p>\n","protected":false},"author":1,"featured_media":0,"parent":0,"menu_order":0,"comment_status":"closed","ping_status":"closed","template":"","meta":{"_mi_skip_tracking":false,"_monsterinsights_sitenote_active":false,"_monsterinsights_sitenote_note":"","_monsterinsights_sitenote_category":0},"yoast_head":"<!-- This site is optimized with the Yoast SEO Premium plugin v16.0.3 (Yoast SEO v17.6) - https:\/\/yoast.com\/wordpress\/plugins\/seo\/ -->\n<title>Cookie Policy | AviVernici<\/title>\n<meta name=\"robots\" content=\"index, follow, max-snippet:-1, max-image-preview:large, max-video-preview:-1\" \/>\n<link rel=\"canonical\" href=\"https:\/\/www.aviverniciitalia.com\/it\/cookie-policy\/\" \/>\n<meta property=\"og:locale\" content=\"it_IT\" \/>\n<meta property=\"og:type\" content=\"article\" \/>\n<meta property=\"og:title\" content=\"Cookie Policy | AviVernici\" \/>\n<meta property=\"og:description\" content=\"[vc_row css=&#8221;.vc_custom_1612264485010{padding-top: 60px !important;padding-bottom: 60px !important;}&#8221;][vc_column][vc_column_text]Cookie Policy Informativa resa ai sensi del Regolamento (UE) 2016\/679 del Parlamento Europeo e del...\" \/>\n<meta property=\"og:url\" content=\"https:\/\/www.aviverniciitalia.com\/it\/cookie-policy\/\" \/>\n<meta property=\"og:site_name\" content=\"AviVernici\" \/>\n<meta property=\"article:modified_time\" content=\"2021-02-02T11:14:56+00:00\" \/>\n<meta name=\"twitter:card\" content=\"summary_large_image\" \/>\n<meta name=\"twitter:label1\" content=\"Tempo di lettura stimato\" \/>\n\t<meta name=\"twitter:data1\" content=\"8 minuti\" \/>\n<script type=\"application\/ld+json\" class=\"yoast-schema-graph\">{\"@context\":\"https:\/\/schema.org\",\"@graph\":[{\"@type\":\"Organization\",\"@id\":\"https:\/\/www.aviverniciitalia.com\/it\/#organization\",\"name\":\"Astra Vernici\",\"url\":\"https:\/\/www.aviverniciitalia.com\/it\/\",\"sameAs\":[],\"logo\":{\"@type\":\"ImageObject\",\"@id\":\"https:\/\/www.aviverniciitalia.com\/it\/#logo\",\"inLanguage\":\"it-IT\",\"url\":\"https:\/\/www.aviverniciitalia.com\/wp-content\/uploads\/2019\/09\/astra-logo-2020-blu.png\",\"contentUrl\":\"https:\/\/www.aviverniciitalia.com\/wp-content\/uploads\/2019\/09\/astra-logo-2020-blu.png\",\"width\":300,\"height\":56,\"caption\":\"Astra Vernici\"},\"image\":{\"@id\":\"https:\/\/www.aviverniciitalia.com\/it\/#logo\"}},{\"@type\":\"WebSite\",\"@id\":\"https:\/\/www.aviverniciitalia.com\/it\/#website\",\"url\":\"https:\/\/www.aviverniciitalia.com\/it\/\",\"name\":\"AviVernici\",\"description\":\"Italian Performance Coatings\",\"publisher\":{\"@id\":\"https:\/\/www.aviverniciitalia.com\/it\/#organization\"},\"potentialAction\":[{\"@type\":\"SearchAction\",\"target\":{\"@type\":\"EntryPoint\",\"urlTemplate\":\"https:\/\/www.aviverniciitalia.com\/it\/?s={search_term_string}\"},\"query-input\":\"required name=search_term_string\"}],\"inLanguage\":\"it-IT\"},{\"@type\":\"WebPage\",\"@id\":\"https:\/\/www.aviverniciitalia.com\/it\/cookie-policy\/#webpage\",\"url\":\"https:\/\/www.aviverniciitalia.com\/it\/cookie-policy\/\",\"name\":\"Cookie Policy | AviVernici\",\"isPartOf\":{\"@id\":\"https:\/\/www.aviverniciitalia.com\/it\/#website\"},\"datePublished\":\"2019-08-07T12:45:36+00:00\",\"dateModified\":\"2021-02-02T11:14:56+00:00\",\"breadcrumb\":{\"@id\":\"https:\/\/www.aviverniciitalia.com\/it\/cookie-policy\/#breadcrumb\"},\"inLanguage\":\"it-IT\",\"potentialAction\":[{\"@type\":\"ReadAction\",\"target\":[\"https:\/\/www.aviverniciitalia.com\/it\/cookie-policy\/\"]}]},{\"@type\":\"BreadcrumbList\",\"@id\":\"https:\/\/www.aviverniciitalia.com\/it\/cookie-policy\/#breadcrumb\",\"itemListElement\":[{\"@type\":\"ListItem\",\"position\":1,\"name\":\"Home\",\"item\":\"https:\/\/www.aviverniciitalia.com\/it\/\"},{\"@type\":\"ListItem\",\"position\":2,\"name\":\"Cookie Policy\"}]}]}<\/script>\n<!-- \/ Yoast SEO Premium plugin. -->","yoast_head_json":{"title":"Cookie Policy | AviVernici","robots":{"index":"index","follow":"follow","max-snippet":"max-snippet:-1","max-image-preview":"max-image-preview:large","max-video-preview":"max-video-preview:-1"},"canonical":"https:\/\/www.aviverniciitalia.com\/it\/cookie-policy\/","og_locale":"it_IT","og_type":"article","og_title":"Cookie Policy | AviVernici","og_description":"[vc_row css=&#8221;.vc_custom_1612264485010{padding-top: 60px !important;padding-bottom: 60px !important;}&#8221;][vc_column][vc_column_text]Cookie Policy Informativa resa ai sensi del Regolamento (UE) 2016\/679 del Parlamento Europeo e del...","og_url":"https:\/\/www.aviverniciitalia.com\/it\/cookie-policy\/","og_site_name":"AviVernici","article_modified_time":"2021-02-02T11:14:56+00:00","twitter_card":"summary_large_image","twitter_misc":{"Tempo di lettura stimato":"8 minuti"},"schema":{"@context":"https:\/\/schema.org","@graph":[{"@type":"Organization","@id":"https:\/\/www.aviverniciitalia.com\/it\/#organization","name":"Astra Vernici","url":"https:\/\/www.aviverniciitalia.com\/it\/","sameAs":[],"logo":{"@type":"ImageObject","@id":"https:\/\/www.aviverniciitalia.com\/it\/#logo","inLanguage":"it-IT","url":"https:\/\/www.aviverniciitalia.com\/wp-content\/uploads\/2019\/09\/astra-logo-2020-blu.png","contentUrl":"https:\/\/www.aviverniciitalia.com\/wp-content\/uploads\/2019\/09\/astra-logo-2020-blu.png","width":300,"height":56,"caption":"Astra Vernici"},"image":{"@id":"https:\/\/www.aviverniciitalia.com\/it\/#logo"}},{"@type":"WebSite","@id":"https:\/\/www.aviverniciitalia.com\/it\/#website","url":"https:\/\/www.aviverniciitalia.com\/it\/","name":"AviVernici","description":"Italian Performance Coatings","publisher":{"@id":"https:\/\/www.aviverniciitalia.com\/it\/#organization"},"potentialAction":[{"@type":"SearchAction","target":{"@type":"EntryPoint","urlTemplate":"https:\/\/www.aviverniciitalia.com\/it\/?s={search_term_string}"},"query-input":"required name=search_term_string"}],"inLanguage":"it-IT"},{"@type":"WebPage","@id":"https:\/\/www.aviverniciitalia.com\/it\/cookie-policy\/#webpage","url":"https:\/\/www.aviverniciitalia.com\/it\/cookie-policy\/","name":"Cookie Policy | AviVernici","isPartOf":{"@id":"https:\/\/www.aviverniciitalia.com\/it\/#website"},"datePublished":"2019-08-07T12:45:36+00:00","dateModified":"2021-02-02T11:14:56+00:00","breadcrumb":{"@id":"https:\/\/www.aviverniciitalia.com\/it\/cookie-policy\/#breadcrumb"},"inLanguage":"it-IT","potentialAction":[{"@type":"ReadAction","target":["https:\/\/www.aviverniciitalia.com\/it\/cookie-policy\/"]}]},{"@type":"BreadcrumbList","@id":"https:\/\/www.aviverniciitalia.com\/it\/cookie-policy\/#breadcrumb","itemListElement":[{"@type":"ListItem","position":1,"name":"Home","item":"https:\/\/www.aviverniciitalia.com\/it\/"},{"@type":"ListItem","position":2,"name":"Cookie Policy"}]}]}},"_links":{"self":[{"href":"https:\/\/www.aviverniciitalia.com\/it\/wp-json\/wp\/v2\/pages\/30454"}],"collection":[{"href":"https:\/\/www.aviverniciitalia.com\/it\/wp-json\/wp\/v2\/pages"}],"about":[{"href":"https:\/\/www.aviverniciitalia.com\/it\/wp-json\/wp\/v2\/types\/page"}],"author":[{"embeddable":true,"href":"https:\/\/www.aviverniciitalia.com\/it\/wp-json\/wp\/v2\/users\/1"}],"replies":[{"embeddable":true,"href":"https:\/\/www.aviverniciitalia.com\/it\/wp-json\/wp\/v2\/comments?post=30454"}],"version-history":[{"count":0,"href":"https:\/\/www.aviverniciitalia.com\/it\/wp-json\/wp\/v2\/pages\/30454\/revisions"}],"wp:attachment":[{"href":"https:\/\/www.aviverniciitalia.com\/it\/wp-json\/wp\/v2\/media?parent=30454"}],"curies":[{"name":"wp","href":"https:\/\/api.w.org\/{rel}","templated":true}]}}